{"id":15,"date":"2024-06-10T11:36:26","date_gmt":"2024-06-10T09:36:26","guid":{"rendered":"https:\/\/archersdeskadi.fr\/?page_id=15"},"modified":"2024-06-10T14:07:12","modified_gmt":"2024-06-10T12:07:12","slug":"informations-pratiques","status":"publish","type":"page","link":"https:\/\/archersdeskadi.fr\/index.php\/informations-pratiques\/","title":{"rendered":"Informations pratiques"},"content":{"rendered":"\n<p>Vous souhaitez vous mettre au tir \u00e0 l&#8217;Arc, rejoignez <strong><em>les Archers de Skadi<\/em><\/strong>, club affili\u00e9 \u00e0 la FFTA.<\/p>\n\n\n\n<p><strong><em>Coordonn\u00e9es: <\/em><\/strong><br>&#8211; Adresse: 2715 Chemin de Rechin &#8211; 69970 CHAPONNAY<br>&#8211; Contact mail: archersdeskadi@gmail.com<\/p>\n\n\n<div class=\"wp-block-image\">\n<figure class=\"aligncenter size-full\"><img loading=\"lazy\" decoding=\"async\" width=\"557\" height=\"790\" src=\"http:\/\/archersdeskadi.fr\/wp-content\/uploads\/2024\/06\/Flyer-les-archers-de-Skadi-Verso.png\" alt=\"\" class=\"wp-image-28\" srcset=\"https:\/\/archersdeskadi.fr\/wp-content\/uploads\/2024\/06\/Flyer-les-archers-de-Skadi-Verso.png 557w, https:\/\/archersdeskadi.fr\/wp-content\/uploads\/2024\/06\/Flyer-les-archers-de-Skadi-Verso-212x300.png 212w\" sizes=\"auto, (max-width: 557px) 100vw, 557px\" \/><\/figure>\n<\/div>","protected":false},"excerpt":{"rendered":"<p>Vous souhaitez vous mettre au tir \u00e0 l&#8217;Arc, rejoignez les Archers de Skadi, club affili\u00e9 \u00e0 la FFTA. Coordonn\u00e9es: &#8211; Adresse: 2715 Chemin de Rechin &#8211; 69970 CHAPONNAY&#8211; Contact mail: archersdeskadi@gmail.com<\/p>\n","protected":false},"author":2,"featured_media":0,"parent":0,"menu_order":0,"comment_status":"closed","ping_status":"closed","template":"","meta":{"footnotes":""},"class_list":["post-15","page","type-page","status-publish","hentry"],"_links":{"self":[{"href":"https:\/\/archersdeskadi.fr\/index.php\/wp-json\/wp\/v2\/pages\/15","targetHints":{"allow":["GET"]}}],"collection":[{"href":"https:\/\/archersdeskadi.fr\/index.php\/wp-json\/wp\/v2\/pages"}],"about":[{"href":"https:\/\/archersdeskadi.fr\/index.php\/wp-json\/wp\/v2\/types\/page"}],"author":[{"embeddable":true,"href":"https:\/\/archersdeskadi.fr\/index.php\/wp-json\/wp\/v2\/users\/2"}],"replies":[{"embeddable":true,"href":"https:\/\/archersdeskadi.fr\/index.php\/wp-json\/wp\/v2\/comments?post=15"}],"version-history":[{"count":4,"href":"https:\/\/archersdeskadi.fr\/index.php\/wp-json\/wp\/v2\/pages\/15\/revisions"}],"predecessor-version":[{"id":30,"href":"https:\/\/archersdeskadi.fr\/index.php\/wp-json\/wp\/v2\/pages\/15\/revisions\/30"}],"wp:attachment":[{"href":"https:\/\/archersdeskadi.fr\/index.php\/wp-json\/wp\/v2\/media?parent=15"}],"curies":[{"name":"wp","href":"https:\/\/api.w.org\/{rel}","templated":true}]}}